{"id":17,"date":"2025-07-29T16:48:43","date_gmt":"2025-07-29T14:48:43","guid":{"rendered":"http:\/\/www.ellisericson.eu\/?page_id=17"},"modified":"2025-08-01T16:11:42","modified_gmt":"2025-08-01T14:11:42","slug":"home","status":"publish","type":"page","link":"https:\/\/www.ellisericson.eu\/en\/","title":{"rendered":"Home"},"content":{"rendered":"","protected":false},"excerpt":{"rendered":"","protected":false},"author":1,"featured_media":148,"parent":0,"menu_order":0,"comment_status":"closed","ping_status":"closed","template":"","meta":{"_seopress_robots_primary_cat":"","_seopress_titles_title":"Ellis Ericson Surfboards \u2013 Planches de surf artisanales multi-fins","_seopress_titles_desc":"D\u00e9couvrez Ellis Ericson Surfboards, shaper australien de Shapers Club, cr\u00e9ant \u00e0 la main des planches innovantes en EPS-Epoxy comme le Lite Kite et l\u2019Edgeboard pour une vitesse, une maniabilit\u00e9 et une personnalisation in\u00e9gal\u00e9es.","_seopress_robots_index":"","footnotes":""},"class_list":["post-17","page","type-page","status-publish","has-post-thumbnail","hentry"],"_links":{"self":[{"href":"https:\/\/www.ellisericson.eu\/en\/wp-json\/wp\/v2\/pages\/17","targetHints":{"allow":["GET"]}}],"collection":[{"href":"https:\/\/www.ellisericson.eu\/en\/wp-json\/wp\/v2\/pages"}],"about":[{"href":"https:\/\/www.ellisericson.eu\/en\/wp-json\/wp\/v2\/types\/page"}],"author":[{"embeddable":true,"href":"https:\/\/www.ellisericson.eu\/en\/wp-json\/wp\/v2\/users\/1"}],"replies":[{"embeddable":true,"href":"https:\/\/www.ellisericson.eu\/en\/wp-json\/wp\/v2\/comments?post=17"}],"version-history":[{"count":2,"href":"https:\/\/www.ellisericson.eu\/en\/wp-json\/wp\/v2\/pages\/17\/revisions"}],"predecessor-version":[{"id":149,"href":"https:\/\/www.ellisericson.eu\/en\/wp-json\/wp\/v2\/pages\/17\/revisions\/149"}],"wp:featuredmedia":[{"embeddable":true,"href":"https:\/\/www.ellisericson.eu\/en\/wp-json\/wp\/v2\/media\/148"}],"wp:attachment":[{"href":"https:\/\/www.ellisericson.eu\/en\/wp-json\/wp\/v2\/media?parent=17"}],"curies":[{"name":"wp","href":"https:\/\/api.w.org\/{rel}","templated":true}]}}