{"id":24,"date":"2025-07-29T16:49:18","date_gmt":"2025-07-29T14:49:18","guid":{"rendered":"http:\/\/www.ellisericson.eu\/?page_id=24"},"modified":"2025-08-01T16:07:07","modified_gmt":"2025-08-01T14:07:07","slug":"lite-kite","status":"publish","type":"page","link":"https:\/\/www.ellisericson.eu\/en\/lite-kite\/","title":{"rendered":"Lite Kite"},"content":{"rendered":"","protected":false},"excerpt":{"rendered":"","protected":false},"author":1,"featured_media":62,"parent":0,"menu_order":0,"comment_status":"closed","ping_status":"closed","template":"","meta":{"_seopress_robots_primary_cat":"","_seopress_titles_title":"Lite Kite - Ellis ericson surfboards","_seopress_titles_desc":"D\u00e9couvrez la Lite Kite d\u2019Ellis Ericson, une planche artisanale en EPS-Epoxy \u00e9quip\u00e9e de quad fins Hanalei pour allier vitesse, trim optimal et maniabilit\u00e9. \u00c0 partir de 1 895 \u20ac.","_seopress_robots_index":"","footnotes":""},"class_list":["post-24","page","type-page","status-publish","has-post-thumbnail","hentry"],"_links":{"self":[{"href":"https:\/\/www.ellisericson.eu\/en\/wp-json\/wp\/v2\/pages\/24","targetHints":{"allow":["GET"]}}],"collection":[{"href":"https:\/\/www.ellisericson.eu\/en\/wp-json\/wp\/v2\/pages"}],"about":[{"href":"https:\/\/www.ellisericson.eu\/en\/wp-json\/wp\/v2\/types\/page"}],"author":[{"embeddable":true,"href":"https:\/\/www.ellisericson.eu\/en\/wp-json\/wp\/v2\/users\/1"}],"replies":[{"embeddable":true,"href":"https:\/\/www.ellisericson.eu\/en\/wp-json\/wp\/v2\/comments?post=24"}],"version-history":[{"count":2,"href":"https:\/\/www.ellisericson.eu\/en\/wp-json\/wp\/v2\/pages\/24\/revisions"}],"predecessor-version":[{"id":143,"href":"https:\/\/www.ellisericson.eu\/en\/wp-json\/wp\/v2\/pages\/24\/revisions\/143"}],"wp:featuredmedia":[{"embeddable":true,"href":"https:\/\/www.ellisericson.eu\/en\/wp-json\/wp\/v2\/media\/62"}],"wp:attachment":[{"href":"https:\/\/www.ellisericson.eu\/en\/wp-json\/wp\/v2\/media?parent=24"}],"curies":[{"name":"wp","href":"https:\/\/api.w.org\/{rel}","templated":true}]}}